{"id":5520,"date":"2023-11-14T17:11:14","date_gmt":"2023-11-14T16:11:14","guid":{"rendered":"https:\/\/staging.envaflex.eurocastaliahost4.com\/envases-flexibles\/"},"modified":"2024-04-23T17:54:19","modified_gmt":"2024-04-23T15:54:19","slug":"emballage-souple","status":"publish","type":"page","link":"https:\/\/staging.envaflex.eurocastaliahost4.com\/fr\/emballage-souple\/","title":{"rendered":"Emballage souple"},"content":{"rendered":"<p><div class=\"fusion-fullwidth fullwidth-box fusion-builder-row-1 fusion-flex-container has-pattern-background has-mask-background fusion-parallax-none ContenedorCabecera nonhundred-percent-fullwidth non-hundred-percent-height-scrolling lazyload\" style=\"--awb-background-position:right center;--awb-border-radius-top-left:0px;--awb-border-radius-top-right:0px;--awb-border-radius-bottom-right:0px;--awb-border-radius-bottom-left:0px;--awb-padding-top:0px;--awb-padding-right:0px;--awb-padding-bottom:0px;--awb-padding-left:0px;--awb-margin-top:0px;--awb-margin-bottom:0px;--awb-background-image:linear-gradient(180deg, rgba(232,116,5,0.75) 0%,rgba(232,116,5,0.75) 100%);;--awb-background-size:cover;--awb-flex-wrap:wrap;\" data-bg=\"https:\/\/staging.envaflex.eurocastaliahost4.com\/wp-content\/uploads\/2023\/11\/envases-flexibles-scaled.webp\" data-bg-gradient=\"linear-gradient(180deg, rgba(232,116,5,0.75) 0%,rgba(232,116,5,0.75) 100%)\" ><div class=\"fusion-builder-row fusion-row fusion-flex-align-items-flex-start fusion-flex-content-wrap\" style=\"max-width:1352px;margin-left: calc(-4% \/ 2 );margin-right: calc(-4% \/ 2 );\"><div class=\"fusion-layout-column fusion_builder_column fusion-builder-column-0 fusion_builder_column_1_1 1_1 fusion-flex-column fusion-flex-align-self-center\" style=\"--awb-padding-top:160px;--awb-padding-right:30px;--awb-padding-bottom:160px;--awb-padding-left:30px;--awb-bg-size:cover;--awb-width-large:100%;--awb-margin-top-large:0px;--awb-spacing-right-large:1.92%;--awb-margin-bottom-large:0px;--awb-spacing-left-large:1.92%;--awb-width-medium:100%;--awb-order-medium:0;--awb-spacing-right-medium:1.92%;--awb-spacing-left-medium:1.92%;--awb-width-small:100%;--awb-order-small:0;--awb-spacing-right-small:1.92%;--awb-spacing-left-small:1.92%;\" data-motion-effects=\"[{&quot;type&quot;:&quot;&quot;,&quot;scroll_type&quot;:&quot;transition&quot;,&quot;scroll_direction&quot;:&quot;up&quot;,&quot;transition_speed&quot;:&quot;1&quot;,&quot;fade_type&quot;:&quot;in&quot;,&quot;scale_type&quot;:&quot;up&quot;,&quot;initial_scale&quot;:&quot;1&quot;,&quot;max_scale&quot;:&quot;1.5&quot;,&quot;min_scale&quot;:&quot;0.5&quot;,&quot;initial_rotate&quot;:&quot;0&quot;,&quot;end_rotate&quot;:&quot;30&quot;,&quot;initial_blur&quot;:&quot;0&quot;,&quot;end_blur&quot;:&quot;3&quot;,&quot;start_element&quot;:&quot;top&quot;,&quot;start_viewport&quot;:&quot;bottom&quot;,&quot;end_element&quot;:&quot;bottom&quot;,&quot;end_viewport&quot;:&quot;top&quot;,&quot;mouse_effect&quot;:&quot;track&quot;,&quot;mouse_effect_direction&quot;:&quot;opposite&quot;,&quot;mouse_effect_speed&quot;:&quot;2&quot;,&quot;infinite_animation&quot;:&quot;float&quot;,&quot;infinite_animation_speed&quot;:&quot;2&quot;}]\" data-scroll-devices=\"small-visibility,medium-visibility,large-visibility\"><div class=\"fusion-column-wrapper fusion-column-has-shadow fusion-flex-justify-content-flex-start fusion-content-layout-block\"><div class=\"fusion-title title fusion-title-1 fusion-sep-none fusion-title-text fusion-title-size-two\" style=\"--awb-text-color:var(--awb-color1);--awb-font-size:65px;\"><h2 class=\"fusion-title-heading title-heading-left fusion-responsive-typography-calculated\" style=\"margin:0;font-size:1em;--fontSize:65;line-height:1;\"><p><span style=\"color: #ffffff;\">Emballage souple<br \/>\n<\/span><\/p><\/h2><\/div><div class=\"fusion-text fusion-text-1\" style=\"--awb-font-size:17px;--awb-line-height:1.8em;--awb-text-color:#ffffff;--awb-text-font-family:&quot;Montserrat&quot;;--awb-text-font-style:normal;--awb-text-font-weight:600;\"><p>Nous proposons des emballages qui garantissent une s\u00e9curit\u00e9 alimentaire maximale \u00e0 tous les niveaux de notre cha\u00eene de production. Nous respectons les normes de qualit\u00e9 internationales les plus \u00e9lev\u00e9es, soutenues par les certifications BRC et FFSC, garantissant l&rsquo;excellence \u00e0 chaque \u00e9tape de notre processus.<\/p>\n<\/div><\/div><\/div><\/div><\/div><div class=\"fusion-fullwidth fullwidth-box fusion-builder-row-2 has-pattern-background has-mask-background tamanoMaximo nonhundred-percent-fullwidth non-hundred-percent-height-scrolling fusion-equal-height-columns\" style=\"--awb-border-radius-top-left:0px;--awb-border-radius-top-right:0px;--awb-border-radius-bottom-right:0px;--awb-border-radius-bottom-left:0px;--awb-padding-top:0px;--awb-padding-bottom:0px;--awb-margin-top:0px;--awb-flex-wrap:wrap;\" ><div class=\"fusion-builder-row fusion-row\"><div class=\"fusion-layout-column fusion_builder_column fusion-builder-column-1 fusion_builder_column_1_1 1_1 fusion-one-full fusion-column-first fusion-column-last fusion-column-no-min-height\" style=\"--awb-padding-top:50px;--awb-bg-size:cover;\" id=\"contenidoNuestraActualidad\" data-motion-effects=\"[{&quot;type&quot;:&quot;&quot;,&quot;scroll_type&quot;:&quot;transition&quot;,&quot;scroll_direction&quot;:&quot;up&quot;,&quot;transition_speed&quot;:&quot;1&quot;,&quot;fade_type&quot;:&quot;in&quot;,&quot;scale_type&quot;:&quot;up&quot;,&quot;initial_scale&quot;:&quot;1&quot;,&quot;max_scale&quot;:&quot;1.5&quot;,&quot;min_scale&quot;:&quot;0.5&quot;,&quot;initial_rotate&quot;:&quot;0&quot;,&quot;end_rotate&quot;:&quot;30&quot;,&quot;initial_blur&quot;:&quot;0&quot;,&quot;end_blur&quot;:&quot;3&quot;,&quot;start_element&quot;:&quot;top&quot;,&quot;start_viewport&quot;:&quot;bottom&quot;,&quot;end_element&quot;:&quot;bottom&quot;,&quot;end_viewport&quot;:&quot;top&quot;,&quot;mouse_effect&quot;:&quot;track&quot;,&quot;mouse_effect_direction&quot;:&quot;opposite&quot;,&quot;mouse_effect_speed&quot;:&quot;2&quot;,&quot;infinite_animation&quot;:&quot;float&quot;,&quot;infinite_animation_speed&quot;:&quot;2&quot;}]\" data-scroll-devices=\"small-visibility,medium-visibility,large-visibility\"><div class=\"fusion-column-wrapper fusion-column-has-shadow fusion-flex-column-wrapper-legacy\"><div class=\"fusion-title title fusion-title-2 fusion-sep-none fusion-title-text fusion-title-size-two\" style=\"--awb-text-color:var(--awb-color8);--awb-margin-bottom:20px;--awb-margin-bottom-small:0px;--awb-font-size:40px;\"><h2 class=\"fusion-title-heading title-heading-left fusion-responsive-typography-calculated\" style=\"margin:0;font-size:1em;--fontSize:40;line-height:1;\">Nous fournissons des mat\u00e9riaux mono et multicouches<\/h2><\/div><div class=\"fusion-text fusion-text-2 fusion-text-no-margin\" style=\"--awb-margin-top:30px;--awb-margin-bottom:60px;\"><p>Nous couvrons les besoins d\u2019une grande vari\u00e9t\u00e9 de secteurs et vous aidons \u00e0 am\u00e9liorer la pr\u00e9sentation et la protection de vos produits avec des emballages flexibles de haute qualit\u00e9.<\/p>\n<\/div><div class=\"fusion-clearfix\"><\/div><\/div><\/div><div class=\"fusion-layout-column fusion_builder_column fusion-builder-column-2 fusion_builder_column_1_2 1_2 fusion-one-half fusion-column-first\" style=\"--awb-padding-top:278px;--awb-padding-right:47px;--awb-padding-bottom:65px;--awb-padding-left:58px;--awb-overflow:hidden;--awb-bg-image:linear-gradient(180deg, rgba(0,0,0,0) 16%,#000000 88%);;--awb-bg-size:cover;--awb-border-radius:10px 10px 10px 10px;width:50%;width:calc(50% - ( ( 4% ) * 0.5 ) );margin-right: 4%;\" data-motion-effects=\"[{&quot;type&quot;:&quot;&quot;,&quot;scroll_type&quot;:&quot;transition&quot;,&quot;scroll_direction&quot;:&quot;up&quot;,&quot;transition_speed&quot;:&quot;1&quot;,&quot;fade_type&quot;:&quot;in&quot;,&quot;scale_type&quot;:&quot;up&quot;,&quot;initial_scale&quot;:&quot;1&quot;,&quot;max_scale&quot;:&quot;1.5&quot;,&quot;min_scale&quot;:&quot;0.5&quot;,&quot;initial_rotate&quot;:&quot;0&quot;,&quot;end_rotate&quot;:&quot;30&quot;,&quot;initial_blur&quot;:&quot;0&quot;,&quot;end_blur&quot;:&quot;3&quot;,&quot;start_element&quot;:&quot;top&quot;,&quot;start_viewport&quot;:&quot;bottom&quot;,&quot;end_element&quot;:&quot;bottom&quot;,&quot;end_viewport&quot;:&quot;top&quot;,&quot;mouse_effect&quot;:&quot;track&quot;,&quot;mouse_effect_direction&quot;:&quot;opposite&quot;,&quot;mouse_effect_speed&quot;:&quot;2&quot;,&quot;infinite_animation&quot;:&quot;float&quot;,&quot;infinite_animation_speed&quot;:&quot;2&quot;}]\" data-scroll-devices=\"small-visibility,medium-visibility,large-visibility\"><div class=\"fusion-column-wrapper lazyload fusion-column-has-shadow fusion-flex-column-wrapper-legacy fusion-column-has-bg-image\" data-bg-url=\"https:\/\/staging.envaflex.eurocastaliahost4.com\/wp-content\/uploads\/2023\/11\/alimentacion-1.jpg\" data-bg=\"https:\/\/staging.envaflex.eurocastaliahost4.com\/wp-content\/uploads\/2023\/11\/alimentacion-1.jpg\" data-bg-gradient=\"linear-gradient(180deg, rgba(0,0,0,0) 16%,#000000 88%)\"><div class=\"fusion-column-content-centered\"><div class=\"fusion-column-content\"><div class=\"fusion-title title fusion-title-3 fusion-sep-none fusion-title-center fusion-title-text fusion-title-size-two\" style=\"--awb-text-color:var(--awb-color1);--awb-font-size:45px;\"><h2 class=\"fusion-title-heading title-heading-center fusion-responsive-typography-calculated\" style=\"margin:0;font-size:1em;--fontSize:45;line-height:1;\"><p>Emballage<br \/>\n<span style=\"font-size: 37px;\">pour l&rsquo;alimentation<br \/>\n<\/span><\/p><\/h2><\/div><div class=\"fusion-text fusion-text-3\" style=\"--awb-content-alignment:center;--awb-text-color:var(--awb-color1);\"><p>Nous garantissons une s\u00e9curit\u00e9 alimentaire maximale de nos films tout au long de notre processus de production, dans le respect des plus hauts standards de qualit\u00e9 internationaux (certifications BRC et FFSC).<\/p>\n<\/div><div class=\"fusion-aligncenter\"><a class=\"fusion-button button-flat button-xlarge button-default fusion-button-default button-1 fusion-button-default-span fusion-button-default-type btn\" style=\"--button_margin-top:3%;--button_margin-bottom:3%;\" target=\"_self\" href=\"\/envases-flexibles\/alimentacion\/\"><span class=\"fusion-button-text\">Savoir plus<\/span><\/a><\/div><\/div><\/div><div class=\"fusion-clearfix\"><\/div><\/div><\/div><div class=\"fusion-layout-column fusion_builder_column fusion-builder-column-3 fusion_builder_column_1_2 1_2 fusion-one-half fusion-column-last\" style=\"--awb-padding-top:278px;--awb-padding-right:47px;--awb-padding-bottom:96px;--awb-padding-left:58px;--awb-overflow:hidden;--awb-bg-image:linear-gradient(180deg, rgba(0,0,0,0) 24%,#000000 88%);;--awb-bg-position:center center;--awb-bg-size:cover;--awb-border-radius:10px 10px 10px 10px;width:50%;width:calc(50% - ( ( 4% ) * 0.5 ) );\" data-motion-effects=\"[{&quot;type&quot;:&quot;&quot;,&quot;scroll_type&quot;:&quot;transition&quot;,&quot;scroll_direction&quot;:&quot;up&quot;,&quot;transition_speed&quot;:&quot;1&quot;,&quot;fade_type&quot;:&quot;in&quot;,&quot;scale_type&quot;:&quot;up&quot;,&quot;initial_scale&quot;:&quot;1&quot;,&quot;max_scale&quot;:&quot;1.5&quot;,&quot;min_scale&quot;:&quot;0.5&quot;,&quot;initial_rotate&quot;:&quot;0&quot;,&quot;end_rotate&quot;:&quot;30&quot;,&quot;initial_blur&quot;:&quot;0&quot;,&quot;end_blur&quot;:&quot;3&quot;,&quot;start_element&quot;:&quot;top&quot;,&quot;start_viewport&quot;:&quot;bottom&quot;,&quot;end_element&quot;:&quot;bottom&quot;,&quot;end_viewport&quot;:&quot;top&quot;,&quot;mouse_effect&quot;:&quot;track&quot;,&quot;mouse_effect_direction&quot;:&quot;opposite&quot;,&quot;mouse_effect_speed&quot;:&quot;2&quot;,&quot;infinite_animation&quot;:&quot;float&quot;,&quot;infinite_animation_speed&quot;:&quot;2&quot;}]\" data-scroll-devices=\"small-visibility,medium-visibility,large-visibility\"><div class=\"fusion-column-wrapper lazyload fusion-column-has-shadow fusion-flex-column-wrapper-legacy fusion-column-has-bg-image\" data-bg-url=\"https:\/\/staging.envaflex.eurocastaliahost4.com\/wp-content\/uploads\/2023\/11\/otros-secctores-listado.jpg\" data-bg=\"https:\/\/staging.envaflex.eurocastaliahost4.com\/wp-content\/uploads\/2023\/11\/otros-secctores-listado.jpg\" data-bg-gradient=\"linear-gradient(180deg, rgba(0,0,0,0) 24%,#000000 88%)\"><div class=\"fusion-column-content-centered\"><div class=\"fusion-column-content\"><div class=\"fusion-title title fusion-title-4 fusion-sep-none fusion-title-center fusion-title-text fusion-title-size-two\" style=\"--awb-text-color:var(--awb-color1);--awb-font-size:45px;\"><h2 class=\"fusion-title-heading title-heading-center fusion-responsive-typography-calculated\" style=\"margin:0;font-size:1em;--fontSize:45;line-height:1;\"><p>Emballage<br \/>\n<span style=\"font-size: 37px;\" data-fusion-font=\"true\">pour d&rsquo;autres secteurs<br \/>\n<\/span><\/p><\/h2><\/div><div class=\"fusion-text fusion-text-4\" style=\"--awb-content-alignment:center;--awb-text-color:var(--awb-color1);\"><p>Nous fournissons des emballages souples pour divers secteurs tels que l&rsquo;alimentation animale, la cosm\u00e9tique et la parfumerie ou encore l&rsquo;entretien et la maison.<\/p>\n<\/div><div class=\"fusion-aligncenter\"><a class=\"fusion-button button-flat button-xlarge button-default fusion-button-default button-2 fusion-button-default-span fusion-button-default-type btn\" style=\"--button_margin-top:3%;--button_margin-bottom:3%;\" target=\"_self\" href=\"\/envases-flexibles\/otros-sectores\/\"><span class=\"fusion-button-text\">Savoir plus<\/span><\/a><\/div><\/div><\/div><div class=\"fusion-clearfix\"><\/div><\/div><\/div><\/div><\/div><\/p>\n","protected":false},"excerpt":{"rendered":"","protected":false},"author":1,"featured_media":0,"parent":0,"menu_order":0,"comment_status":"closed","ping_status":"closed","template":"100-width.php","meta":{"content-type":"","footnotes":""},"acf":[],"yoast_head":"<!-- This site is optimized with the Yoast SEO plugin v22.8 - https:\/\/yoast.com\/wordpress\/plugins\/seo\/ -->\n<title>Emballage souple - Envaflex<\/title>\n<meta name=\"robots\" content=\"noindex, follow, max-snippet:-1, max-image-preview:large, max-video-preview:-1\" \/>\n<meta property=\"og:locale\" content=\"fr_FR\" \/>\n<meta property=\"og:type\" content=\"article\" \/>\n<meta property=\"og:title\" content=\"Emballage souple - Envaflex\" \/>\n<meta property=\"og:url\" content=\"https:\/\/staging.envaflex.eurocastaliahost4.com\/fr\/emballage-souple\/\" \/>\n<meta property=\"og:site_name\" content=\"Envaflex\" \/>\n<meta property=\"article:modified_time\" content=\"2024-04-23T15:54:19+00:00\" \/>\n<meta name=\"twitter:card\" content=\"summary_large_image\" \/>\n<meta name=\"twitter:label1\" content=\"Dur\u00e9e de lecture estim\u00e9e\" \/>\n\t<meta name=\"twitter:data1\" content=\"1 minute\" \/>\n<script type=\"application\/ld+json\" class=\"yoast-schema-graph\">{\"@context\":\"https:\/\/schema.org\",\"@graph\":[{\"@type\":\"WebPage\",\"@id\":\"https:\/\/staging.envaflex.eurocastaliahost4.com\/fr\/emballage-souple\/\",\"url\":\"https:\/\/staging.envaflex.eurocastaliahost4.com\/fr\/emballage-souple\/\",\"name\":\"Emballage souple - Envaflex\",\"isPartOf\":{\"@id\":\"https:\/\/staging.envaflex.eurocastaliahost4.com\/#website\"},\"datePublished\":\"2023-11-14T16:11:14+00:00\",\"dateModified\":\"2024-04-23T15:54:19+00:00\",\"breadcrumb\":{\"@id\":\"https:\/\/staging.envaflex.eurocastaliahost4.com\/fr\/emballage-souple\/#breadcrumb\"},\"inLanguage\":\"fr-FR\",\"potentialAction\":[{\"@type\":\"ReadAction\",\"target\":[\"https:\/\/staging.envaflex.eurocastaliahost4.com\/fr\/emballage-souple\/\"]}]},{\"@type\":\"BreadcrumbList\",\"@id\":\"https:\/\/staging.envaflex.eurocastaliahost4.com\/fr\/emballage-souple\/#breadcrumb\",\"itemListElement\":[{\"@type\":\"ListItem\",\"position\":1,\"name\":\"Inicio\",\"item\":\"https:\/\/staging.envaflex.eurocastaliahost4.com\/fr\/\"},{\"@type\":\"ListItem\",\"position\":2,\"name\":\"Emballage souple\"}]},{\"@type\":\"WebSite\",\"@id\":\"https:\/\/staging.envaflex.eurocastaliahost4.com\/#website\",\"url\":\"https:\/\/staging.envaflex.eurocastaliahost4.com\/\",\"name\":\"Envaflex\",\"description\":\"Ecodise\u00f1amos envases de soplado\u200b\",\"potentialAction\":[{\"@type\":\"SearchAction\",\"target\":{\"@type\":\"EntryPoint\",\"urlTemplate\":\"https:\/\/staging.envaflex.eurocastaliahost4.com\/?s={search_term_string}\"},\"query-input\":\"required name=search_term_string\"}],\"inLanguage\":\"fr-FR\"}]}<\/script>\n<!-- \/ Yoast SEO plugin. -->","yoast_head_json":{"title":"Emballage souple - Envaflex","robots":{"index":"noindex","follow":"follow","max-snippet":"max-snippet:-1","max-image-preview":"max-image-preview:large","max-video-preview":"max-video-preview:-1"},"og_locale":"fr_FR","og_type":"article","og_title":"Emballage souple - Envaflex","og_url":"https:\/\/staging.envaflex.eurocastaliahost4.com\/fr\/emballage-souple\/","og_site_name":"Envaflex","article_modified_time":"2024-04-23T15:54:19+00:00","twitter_card":"summary_large_image","twitter_misc":{"Dur\u00e9e de lecture estim\u00e9e":"1 minute"},"schema":{"@context":"https:\/\/schema.org","@graph":[{"@type":"WebPage","@id":"https:\/\/staging.envaflex.eurocastaliahost4.com\/fr\/emballage-souple\/","url":"https:\/\/staging.envaflex.eurocastaliahost4.com\/fr\/emballage-souple\/","name":"Emballage souple - Envaflex","isPartOf":{"@id":"https:\/\/staging.envaflex.eurocastaliahost4.com\/#website"},"datePublished":"2023-11-14T16:11:14+00:00","dateModified":"2024-04-23T15:54:19+00:00","breadcrumb":{"@id":"https:\/\/staging.envaflex.eurocastaliahost4.com\/fr\/emballage-souple\/#breadcrumb"},"inLanguage":"fr-FR","potentialAction":[{"@type":"ReadAction","target":["https:\/\/staging.envaflex.eurocastaliahost4.com\/fr\/emballage-souple\/"]}]},{"@type":"BreadcrumbList","@id":"https:\/\/staging.envaflex.eurocastaliahost4.com\/fr\/emballage-souple\/#breadcrumb","itemListElement":[{"@type":"ListItem","position":1,"name":"Inicio","item":"https:\/\/staging.envaflex.eurocastaliahost4.com\/fr\/"},{"@type":"ListItem","position":2,"name":"Emballage souple"}]},{"@type":"WebSite","@id":"https:\/\/staging.envaflex.eurocastaliahost4.com\/#website","url":"https:\/\/staging.envaflex.eurocastaliahost4.com\/","name":"Envaflex","description":"Ecodise\u00f1amos envases de soplado\u200b","potentialAction":[{"@type":"SearchAction","target":{"@type":"EntryPoint","urlTemplate":"https:\/\/staging.envaflex.eurocastaliahost4.com\/?s={search_term_string}"},"query-input":"required name=search_term_string"}],"inLanguage":"fr-FR"}]}},"_links":{"self":[{"href":"https:\/\/staging.envaflex.eurocastaliahost4.com\/fr\/wp-json\/wp\/v2\/pages\/5520"}],"collection":[{"href":"https:\/\/staging.envaflex.eurocastaliahost4.com\/fr\/wp-json\/wp\/v2\/pages"}],"about":[{"href":"https:\/\/staging.envaflex.eurocastaliahost4.com\/fr\/wp-json\/wp\/v2\/types\/page"}],"author":[{"embeddable":true,"href":"https:\/\/staging.envaflex.eurocastaliahost4.com\/fr\/wp-json\/wp\/v2\/users\/1"}],"replies":[{"embeddable":true,"href":"https:\/\/staging.envaflex.eurocastaliahost4.com\/fr\/wp-json\/wp\/v2\/comments?post=5520"}],"version-history":[{"count":3,"href":"https:\/\/staging.envaflex.eurocastaliahost4.com\/fr\/wp-json\/wp\/v2\/pages\/5520\/revisions"}],"predecessor-version":[{"id":5524,"href":"https:\/\/staging.envaflex.eurocastaliahost4.com\/fr\/wp-json\/wp\/v2\/pages\/5520\/revisions\/5524"}],"wp:attachment":[{"href":"https:\/\/staging.envaflex.eurocastaliahost4.com\/fr\/wp-json\/wp\/v2\/media?parent=5520"}],"curies":[{"name":"wp","href":"https:\/\/api.w.org\/{rel}","templated":true}]}}