{"id":5187,"date":"2023-11-14T10:51:33","date_gmt":"2023-11-14T09:51:33","guid":{"rendered":"https:\/\/staging.envaflex.eurocastaliahost4.com\/procesos-de-produccion\/"},"modified":"2024-04-16T17:20:14","modified_gmt":"2024-04-16T15:20:14","slug":"processus-de-production","status":"publish","type":"page","link":"https:\/\/staging.envaflex.eurocastaliahost4.com\/fr\/processus-de-production\/","title":{"rendered":"Processus de production"},"content":{"rendered":"<p><div class=\"fusion-fullwidth fullwidth-box fusion-builder-row-1 fusion-flex-container has-pattern-background has-mask-background fusion-parallax-none ContenedorCabecera nonhundred-percent-fullwidth non-hundred-percent-height-scrolling lazyload\" style=\"--awb-background-position:right center;--awb-border-radius-top-left:0px;--awb-border-radius-top-right:0px;--awb-border-radius-bottom-right:0px;--awb-border-radius-bottom-left:0px;--awb-padding-top:0px;--awb-padding-right:0px;--awb-padding-bottom:0px;--awb-padding-left:0px;--awb-margin-top:0px;--awb-margin-bottom:0px;--awb-background-size:cover;--awb-flex-wrap:wrap;\" data-bg=\"https:\/\/staging.envaflex.eurocastaliahost4.com\/wp-content\/uploads\/2023\/10\/cabecera-procesos-scaled.webp\" ><div class=\"fusion-builder-row fusion-row fusion-flex-align-items-flex-start fusion-flex-content-wrap\" style=\"max-width:1352px;margin-left: calc(-4% \/ 2 );margin-right: calc(-4% \/ 2 );\"><div class=\"fusion-layout-column fusion_builder_column fusion-builder-column-0 fusion_builder_column_1_1 1_1 fusion-flex-column fusion-flex-align-self-center\" style=\"--awb-padding-top:160px;--awb-padding-right:30px;--awb-padding-bottom:160px;--awb-padding-left:30px;--awb-bg-size:cover;--awb-width-large:100%;--awb-margin-top-large:0px;--awb-spacing-right-large:1.92%;--awb-margin-bottom-large:0px;--awb-spacing-left-large:1.92%;--awb-width-medium:100%;--awb-order-medium:0;--awb-spacing-right-medium:1.92%;--awb-spacing-left-medium:1.92%;--awb-width-small:100%;--awb-order-small:0;--awb-spacing-right-small:1.92%;--awb-spacing-left-small:1.92%;\" data-motion-effects=\"[{&quot;type&quot;:&quot;&quot;,&quot;scroll_type&quot;:&quot;transition&quot;,&quot;scroll_direction&quot;:&quot;up&quot;,&quot;transition_speed&quot;:&quot;1&quot;,&quot;fade_type&quot;:&quot;in&quot;,&quot;scale_type&quot;:&quot;up&quot;,&quot;initial_scale&quot;:&quot;1&quot;,&quot;max_scale&quot;:&quot;1.5&quot;,&quot;min_scale&quot;:&quot;0.5&quot;,&quot;initial_rotate&quot;:&quot;0&quot;,&quot;end_rotate&quot;:&quot;30&quot;,&quot;initial_blur&quot;:&quot;0&quot;,&quot;end_blur&quot;:&quot;3&quot;,&quot;start_element&quot;:&quot;top&quot;,&quot;start_viewport&quot;:&quot;bottom&quot;,&quot;end_element&quot;:&quot;bottom&quot;,&quot;end_viewport&quot;:&quot;top&quot;,&quot;mouse_effect&quot;:&quot;track&quot;,&quot;mouse_effect_direction&quot;:&quot;opposite&quot;,&quot;mouse_effect_speed&quot;:&quot;2&quot;,&quot;infinite_animation&quot;:&quot;float&quot;,&quot;infinite_animation_speed&quot;:&quot;2&quot;}]\" data-scroll-devices=\"small-visibility,medium-visibility,large-visibility\"><div class=\"fusion-column-wrapper fusion-column-has-shadow fusion-flex-justify-content-flex-start fusion-content-layout-block\"><div class=\"fusion-title title fusion-title-1 fusion-sep-none fusion-title-text fusion-title-size-two\" style=\"--awb-text-color:var(--awb-color1);--awb-font-size:65px;\"><h2 class=\"fusion-title-heading title-heading-left fusion-responsive-typography-calculated\" style=\"margin:0;font-size:1em;--fontSize:65;line-height:1.3;\">Processus de production<\/h2><\/div><div class=\"fusion-text fusion-text-1\" style=\"--awb-font-size:17px;--awb-line-height:1.8em;--awb-text-color:#ffffff;--awb-text-font-family:&quot;Montserrat&quot;;--awb-text-font-style:normal;--awb-text-font-weight:600;\"><p>Notre engagement se refl\u00e8te dans chacun de nos processus de production, avec pour objectif de toujours offrir \u00e0 nos clients le syst\u00e8me le plus adapt\u00e9 et de la plus haute qualit\u00e9.<\/p>\n<\/div><\/div><\/div><\/div><\/div><div class=\"fusion-fullwidth fullwidth-box fusion-builder-row-2 fusion-flex-container has-pattern-background has-mask-background nonhundred-percent-fullwidth non-hundred-percent-height-scrolling\" style=\"--awb-border-radius-top-left:0px;--awb-border-radius-top-right:0px;--awb-border-radius-bottom-right:0px;--awb-border-radius-bottom-left:0px;--awb-margin-top:4%;--awb-margin-bottom:4%;--awb-flex-wrap:wrap;\" ><div class=\"fusion-builder-row fusion-row fusion-flex-align-items-flex-start fusion-flex-content-wrap\" style=\"max-width:1352px;margin-left: calc(-4% \/ 2 );margin-right: calc(-4% \/ 2 );\"><div class=\"fusion-layout-column fusion_builder_column fusion-builder-column-1 fusion_builder_column_1_1 1_1 fusion-flex-column\" style=\"--awb-bg-size:cover;--awb-width-large:100%;--awb-margin-top-large:0px;--awb-spacing-right-large:1.92%;--awb-margin-bottom-large:0px;--awb-spacing-left-large:1.92%;--awb-width-medium:100%;--awb-order-medium:0;--awb-spacing-right-medium:1.92%;--awb-spacing-left-medium:1.92%;--awb-width-small:100%;--awb-order-small:0;--awb-spacing-right-small:1.92%;--awb-spacing-left-small:1.92%;\"><div class=\"fusion-column-wrapper fusion-column-has-shadow fusion-flex-justify-content-flex-start fusion-content-layout-column\"><div class=\"fusion-title title fusion-title-2 fusion-sep-none fusion-title-text fusion-title-size-two\" style=\"--awb-font-size:45px;\"><h2 class=\"fusion-title-heading title-heading-left fusion-responsive-typography-calculated\" style=\"margin:0;font-size:1em;--fontSize:45;line-height:1;\">Que faisons-nous\u00a0?<\/h2><\/div><div class=\"fusion-text fusion-text-2 fusion-text-no-margin\" style=\"--awb-margin-top:25px;--awb-margin-bottom:50px;\"><p>Chez Envaflex, nous sommes sp\u00e9cialis\u00e9s dans une large gamme de services allant de l&rsquo;impression au processus complet de transformation et de personnalisation des mat\u00e9riaux en emballages de haute qualit\u00e9 qui r\u00e9pondent aux besoins de diverses industries. \u00a0<\/p>\n<p>Nous travaillons en \u00e9troite collaboration avec nos clients pour nous assurer que leurs produits arrivent sur le march\u00e9 de la meilleure mani\u00e8re possible.<\/p>\n<\/div><div class=\"fusion-image-element \" style=\"text-align:center;--awb-margin-top:25px;--awb-margin-bottom:25px;--awb-max-width:1500px;--awb-caption-title-font-family:var(--h2_typography-font-family);--awb-caption-title-font-weight:var(--h2_typography-font-weight);--awb-caption-title-font-style:var(--h2_typography-font-style);--awb-caption-title-size:var(--h2_typography-font-size);--awb-caption-title-transform:var(--h2_typography-text-transform);--awb-caption-title-line-height:var(--h2_typography-line-height);--awb-caption-title-letter-spacing:var(--h2_typography-letter-spacing);\"><span class=\" fusion-imageframe imageframe-none imageframe-1 hover-type-none\"><img decoding=\"async\" width=\"1436\" height=\"631\" title=\"infografia-envaflex-FR\" src=\"https:\/\/staging.envaflex.eurocastaliahost4.com\/wp-content\/uploads\/2024\/04\/infografia-envaflex-fr.png\" data-orig-src=\"https:\/\/staging.envaflex.eurocastaliahost4.com\/wp-content\/uploads\/2024\/04\/infografia-envaflex-fr.png\" alt class=\"lazyload img-responsive wp-image-5356\" srcset=\"data:image\/svg+xml,%3Csvg%20xmlns%3D%27http%3A%2F%2Fwww.w3.org%2F2000%2Fsvg%27%20width%3D%271436%27%20height%3D%27631%27%20viewBox%3D%270%200%201436%20631%27%3E%3Crect%20width%3D%271436%27%20height%3D%27631%27%20fill-opacity%3D%220%22%2F%3E%3C%2Fsvg%3E\" data-srcset=\"https:\/\/staging.envaflex.eurocastaliahost4.com\/wp-content\/uploads\/2024\/04\/infografia-envaflex-fr-200x88.png 200w, https:\/\/staging.envaflex.eurocastaliahost4.com\/wp-content\/uploads\/2024\/04\/infografia-envaflex-fr-400x176.png 400w, https:\/\/staging.envaflex.eurocastaliahost4.com\/wp-content\/uploads\/2024\/04\/infografia-envaflex-fr-600x264.png 600w, https:\/\/staging.envaflex.eurocastaliahost4.com\/wp-content\/uploads\/2024\/04\/infografia-envaflex-fr-800x352.png 800w, https:\/\/staging.envaflex.eurocastaliahost4.com\/wp-content\/uploads\/2024\/04\/infografia-envaflex-fr-1200x527.png 1200w, https:\/\/staging.envaflex.eurocastaliahost4.com\/wp-content\/uploads\/2024\/04\/infografia-envaflex-fr.png 1436w\" data-sizes=\"auto\" data-orig-sizes=\"(max-width: 1000px) 100vw, (max-width: 500px) 100vw, 1436px\" \/><\/span><\/div><\/div><\/div><\/div><\/div><div class=\"fusion-fullwidth fullwidth-box fusion-builder-row-3 fusion-flex-container has-pattern-background has-mask-background nonhundred-percent-fullwidth non-hundred-percent-height-scrolling\" style=\"--awb-border-radius-top-left:0px;--awb-border-radius-top-right:0px;--awb-border-radius-bottom-right:0px;--awb-border-radius-bottom-left:0px;--awb-margin-bottom:4%;--awb-flex-wrap:wrap;\" ><div class=\"fusion-builder-row fusion-row fusion-flex-align-items-flex-start fusion-flex-content-wrap\" style=\"max-width:1352px;margin-left: calc(-4% \/ 2 );margin-right: calc(-4% \/ 2 );\"><div class=\"fusion-layout-column fusion_builder_column fusion-builder-column-2 fusion_builder_column_1_1 1_1 fusion-flex-column\" style=\"--awb-bg-size:cover;--awb-width-large:100%;--awb-margin-top-large:0px;--awb-spacing-right-large:1.92%;--awb-margin-bottom-large:0px;--awb-spacing-left-large:1.92%;--awb-width-medium:100%;--awb-order-medium:0;--awb-spacing-right-medium:1.92%;--awb-spacing-left-medium:1.92%;--awb-width-small:100%;--awb-order-small:0;--awb-spacing-right-small:1.92%;--awb-spacing-left-small:1.92%;\"><div class=\"fusion-column-wrapper fusion-column-has-shadow fusion-flex-justify-content-flex-start fusion-content-layout-column\"><div class=\"fusion-title title fusion-title-3 fusion-sep-none fusion-title-text fusion-title-size-two\" style=\"--awb-margin-bottom:50px;--awb-font-size:25px;\"><h2 class=\"fusion-title-heading title-heading-left fusion-responsive-typography-calculated\" style=\"margin:0;font-size:1em;--fontSize:25;--minFontSize:25;line-height:1;\">D\u00e9couvrez nos processus de production en d\u00e9tail<\/h2><\/div><div class=\"fusion-post-cards fusion-post-cards-1 fusion-grid-archive fusion-grid-columns-4\" style=\"--awb-active-filter-border-size:3px;--awb-filters-height:36px;\"><ul class=\"fusion-grid fusion-grid-4 fusion-flex-align-items-flex-start fusion-grid-posts-cards\"><li class=\"fusion-layout-column fusion_builder_column fusion-builder-column-3 fusion-flex-column fusion-column-inner-bg-wrapper fusion-column-liftup-border post-card fusion-grid-column fusion-post-cards-grid-column\" style=\"--awb-padding-top-small:214px;--awb-padding-right-small:18px;--awb-padding-bottom-small:19px;--awb-padding-left-small:13px;--awb-overflow:hidden;--awb-inner-bg-image:linear-gradient(180deg, rgba(25,25,25,0) 61%,#000000 100%);;--awb-inner-bg-position:center center;--awb-inner-bg-size:cover;--awb-border-radius:0px 0px 55px 0px;--awb-liftup-border-radius:0px 0px 55px 0px;\"><span class=\"fusion-column-inner-bg hover-type-liftup\"><a class=\"fusion-column-anchor\" href=\"https:\/\/staging.envaflex.eurocastaliahost4.com\/fr\/procesos\/impression\/\"><span class=\"fusion-column-inner-bg-image lazyload\" data-bg=\"https:\/\/staging.envaflex.eurocastaliahost4.com\/wp-content\/uploads\/2023\/10\/impresion-2.jpg\" data-bg-gradient=\"linear-gradient(180deg, rgba(25,25,25,0) 61%,#000000 100%)\"><\/span><\/a><\/span><div class=\"fusion-column-wrapper fusion-flex-justify-content-flex-end fusion-content-layout-column fusion-column-has-bg-image\" data-bg-url=\"https:\/\/staging.envaflex.eurocastaliahost4.com\/wp-content\/uploads\/2023\/10\/impresion-2.jpg\"><div class=\"fusion-title title fusion-title-4 fusion-sep-none fusion-title-text fusion-title-size-div\" style=\"--awb-text-color:var(--awb-color1);--awb-margin-top:285px;--awb-margin-right:20px;--awb-margin-bottom:45px;--awb-margin-left:20px;--awb-font-size:25px;\"><div class=\"fusion-title-heading title-heading-left title-heading-tag fusion-responsive-typography-calculated\" style=\"font-family:&quot;Poppins&quot;;font-style:normal;font-weight:600;margin:0;font-size:1em;--fontSize:25;--minFontSize:25;line-height:1.2;\">Impression<\/div><\/div><\/div><\/li>\n<li class=\"fusion-layout-column fusion_builder_column fusion-builder-column-4 fusion-flex-column fusion-column-inner-bg-wrapper fusion-column-liftup-border post-card fusion-grid-column fusion-post-cards-grid-column\" style=\"--awb-padding-top-small:214px;--awb-padding-right-small:18px;--awb-padding-bottom-small:19px;--awb-padding-left-small:13px;--awb-overflow:hidden;--awb-inner-bg-image:linear-gradient(180deg, rgba(25,25,25,0) 61%,#000000 100%);;--awb-inner-bg-position:center center;--awb-inner-bg-size:cover;--awb-border-radius:0px 0px 55px 0px;--awb-liftup-border-radius:0px 0px 55px 0px;\"><span class=\"fusion-column-inner-bg hover-type-liftup\"><a class=\"fusion-column-anchor\" href=\"https:\/\/staging.envaflex.eurocastaliahost4.com\/fr\/procesos\/lamination\/\"><span class=\"fusion-column-inner-bg-image lazyload\" data-bg=\"https:\/\/staging.envaflex.eurocastaliahost4.com\/wp-content\/uploads\/2023\/10\/laminacion.jpg\" data-bg-gradient=\"linear-gradient(180deg, rgba(25,25,25,0) 61%,#000000 100%)\"><\/span><\/a><\/span><div class=\"fusion-column-wrapper fusion-flex-justify-content-flex-end fusion-content-layout-column fusion-column-has-bg-image\" data-bg-url=\"https:\/\/staging.envaflex.eurocastaliahost4.com\/wp-content\/uploads\/2023\/10\/laminacion.jpg\"><div class=\"fusion-title title fusion-title-5 fusion-sep-none fusion-title-text fusion-title-size-div\" style=\"--awb-text-color:var(--awb-color1);--awb-margin-top:285px;--awb-margin-right:20px;--awb-margin-bottom:45px;--awb-margin-left:20px;--awb-font-size:25px;\"><div class=\"fusion-title-heading title-heading-left title-heading-tag fusion-responsive-typography-calculated\" style=\"font-family:&quot;Poppins&quot;;font-style:normal;font-weight:600;margin:0;font-size:1em;--fontSize:25;--minFontSize:25;line-height:1.2;\">Lamination<\/div><\/div><\/div><\/li>\n<li class=\"fusion-layout-column fusion_builder_column fusion-builder-column-5 fusion-flex-column fusion-column-inner-bg-wrapper fusion-column-liftup-border post-card fusion-grid-column fusion-post-cards-grid-column\" style=\"--awb-padding-top-small:214px;--awb-padding-right-small:18px;--awb-padding-bottom-small:19px;--awb-padding-left-small:13px;--awb-overflow:hidden;--awb-inner-bg-image:linear-gradient(180deg, rgba(25,25,25,0) 61%,#000000 100%);;--awb-inner-bg-position:center center;--awb-inner-bg-size:cover;--awb-border-radius:0px 0px 55px 0px;--awb-liftup-border-radius:0px 0px 55px 0px;\"><span class=\"fusion-column-inner-bg hover-type-liftup\"><a class=\"fusion-column-anchor\" href=\"https:\/\/staging.envaflex.eurocastaliahost4.com\/fr\/procesos\/decoupe-et-confection\/\"><span class=\"fusion-column-inner-bg-image lazyload\" data-bg=\"https:\/\/staging.envaflex.eurocastaliahost4.com\/wp-content\/uploads\/2023\/10\/img-corte-y-rebobinado-scaled.webp\" data-bg-gradient=\"linear-gradient(180deg, rgba(25,25,25,0) 61%,#000000 100%)\"><\/span><\/a><\/span><div class=\"fusion-column-wrapper fusion-flex-justify-content-flex-end fusion-content-layout-column fusion-column-has-bg-image\" data-bg-url=\"https:\/\/staging.envaflex.eurocastaliahost4.com\/wp-content\/uploads\/2023\/10\/img-corte-y-rebobinado-scaled.webp\"><div class=\"fusion-title title fusion-title-6 fusion-sep-none fusion-title-text fusion-title-size-div\" style=\"--awb-text-color:var(--awb-color1);--awb-margin-top:285px;--awb-margin-right:20px;--awb-margin-bottom:45px;--awb-margin-left:20px;--awb-font-size:25px;\"><div class=\"fusion-title-heading title-heading-left title-heading-tag fusion-responsive-typography-calculated\" style=\"font-family:&quot;Poppins&quot;;font-style:normal;font-weight:600;margin:0;font-size:1em;--fontSize:25;--minFontSize:25;line-height:1.2;\">D\u00e9coupe et confection<\/div><\/div><\/div><\/li>\n<\/ul><\/div><\/div><\/div><\/div><\/div><\/p>\n","protected":false},"excerpt":{"rendered":"","protected":false},"author":1,"featured_media":0,"parent":0,"menu_order":0,"comment_status":"closed","ping_status":"closed","template":"100-width.php","meta":{"content-type":"","footnotes":""},"acf":[],"yoast_head":"<!-- This site is optimized with the Yoast SEO plugin v22.8 - https:\/\/yoast.com\/wordpress\/plugins\/seo\/ -->\n<title>Processus de production - Envaflex<\/title>\n<meta name=\"robots\" content=\"noindex, follow, max-snippet:-1, max-image-preview:large, max-video-preview:-1\" \/>\n<meta property=\"og:locale\" content=\"fr_FR\" \/>\n<meta property=\"og:type\" content=\"article\" \/>\n<meta property=\"og:title\" content=\"Processus de production - Envaflex\" \/>\n<meta property=\"og:url\" content=\"https:\/\/staging.envaflex.eurocastaliahost4.com\/fr\/processus-de-production\/\" \/>\n<meta property=\"og:site_name\" content=\"Envaflex\" \/>\n<meta property=\"article:modified_time\" content=\"2024-04-16T15:20:14+00:00\" \/>\n<meta name=\"twitter:card\" content=\"summary_large_image\" \/>\n<meta name=\"twitter:label1\" content=\"Dur\u00e9e de lecture estim\u00e9e\" \/>\n\t<meta name=\"twitter:data1\" content=\"1 minute\" \/>\n<script type=\"application\/ld+json\" class=\"yoast-schema-graph\">{\"@context\":\"https:\/\/schema.org\",\"@graph\":[{\"@type\":\"WebPage\",\"@id\":\"https:\/\/staging.envaflex.eurocastaliahost4.com\/fr\/processus-de-production\/\",\"url\":\"https:\/\/staging.envaflex.eurocastaliahost4.com\/fr\/processus-de-production\/\",\"name\":\"Processus de production - Envaflex\",\"isPartOf\":{\"@id\":\"https:\/\/staging.envaflex.eurocastaliahost4.com\/#website\"},\"datePublished\":\"2023-11-14T09:51:33+00:00\",\"dateModified\":\"2024-04-16T15:20:14+00:00\",\"breadcrumb\":{\"@id\":\"https:\/\/staging.envaflex.eurocastaliahost4.com\/fr\/processus-de-production\/#breadcrumb\"},\"inLanguage\":\"fr-FR\",\"potentialAction\":[{\"@type\":\"ReadAction\",\"target\":[\"https:\/\/staging.envaflex.eurocastaliahost4.com\/fr\/processus-de-production\/\"]}]},{\"@type\":\"BreadcrumbList\",\"@id\":\"https:\/\/staging.envaflex.eurocastaliahost4.com\/fr\/processus-de-production\/#breadcrumb\",\"itemListElement\":[{\"@type\":\"ListItem\",\"position\":1,\"name\":\"Inicio\",\"item\":\"https:\/\/staging.envaflex.eurocastaliahost4.com\/fr\/\"},{\"@type\":\"ListItem\",\"position\":2,\"name\":\"Processus de production\"}]},{\"@type\":\"WebSite\",\"@id\":\"https:\/\/staging.envaflex.eurocastaliahost4.com\/#website\",\"url\":\"https:\/\/staging.envaflex.eurocastaliahost4.com\/\",\"name\":\"Envaflex\",\"description\":\"Ecodise\u00f1amos envases de soplado\u200b\",\"potentialAction\":[{\"@type\":\"SearchAction\",\"target\":{\"@type\":\"EntryPoint\",\"urlTemplate\":\"https:\/\/staging.envaflex.eurocastaliahost4.com\/?s={search_term_string}\"},\"query-input\":\"required name=search_term_string\"}],\"inLanguage\":\"fr-FR\"}]}<\/script>\n<!-- \/ Yoast SEO plugin. -->","yoast_head_json":{"title":"Processus de production - Envaflex","robots":{"index":"noindex","follow":"follow","max-snippet":"max-snippet:-1","max-image-preview":"max-image-preview:large","max-video-preview":"max-video-preview:-1"},"og_locale":"fr_FR","og_type":"article","og_title":"Processus de production - Envaflex","og_url":"https:\/\/staging.envaflex.eurocastaliahost4.com\/fr\/processus-de-production\/","og_site_name":"Envaflex","article_modified_time":"2024-04-16T15:20:14+00:00","twitter_card":"summary_large_image","twitter_misc":{"Dur\u00e9e de lecture estim\u00e9e":"1 minute"},"schema":{"@context":"https:\/\/schema.org","@graph":[{"@type":"WebPage","@id":"https:\/\/staging.envaflex.eurocastaliahost4.com\/fr\/processus-de-production\/","url":"https:\/\/staging.envaflex.eurocastaliahost4.com\/fr\/processus-de-production\/","name":"Processus de production - Envaflex","isPartOf":{"@id":"https:\/\/staging.envaflex.eurocastaliahost4.com\/#website"},"datePublished":"2023-11-14T09:51:33+00:00","dateModified":"2024-04-16T15:20:14+00:00","breadcrumb":{"@id":"https:\/\/staging.envaflex.eurocastaliahost4.com\/fr\/processus-de-production\/#breadcrumb"},"inLanguage":"fr-FR","potentialAction":[{"@type":"ReadAction","target":["https:\/\/staging.envaflex.eurocastaliahost4.com\/fr\/processus-de-production\/"]}]},{"@type":"BreadcrumbList","@id":"https:\/\/staging.envaflex.eurocastaliahost4.com\/fr\/processus-de-production\/#breadcrumb","itemListElement":[{"@type":"ListItem","position":1,"name":"Inicio","item":"https:\/\/staging.envaflex.eurocastaliahost4.com\/fr\/"},{"@type":"ListItem","position":2,"name":"Processus de production"}]},{"@type":"WebSite","@id":"https:\/\/staging.envaflex.eurocastaliahost4.com\/#website","url":"https:\/\/staging.envaflex.eurocastaliahost4.com\/","name":"Envaflex","description":"Ecodise\u00f1amos envases de soplado\u200b","potentialAction":[{"@type":"SearchAction","target":{"@type":"EntryPoint","urlTemplate":"https:\/\/staging.envaflex.eurocastaliahost4.com\/?s={search_term_string}"},"query-input":"required name=search_term_string"}],"inLanguage":"fr-FR"}]}},"_links":{"self":[{"href":"https:\/\/staging.envaflex.eurocastaliahost4.com\/fr\/wp-json\/wp\/v2\/pages\/5187"}],"collection":[{"href":"https:\/\/staging.envaflex.eurocastaliahost4.com\/fr\/wp-json\/wp\/v2\/pages"}],"about":[{"href":"https:\/\/staging.envaflex.eurocastaliahost4.com\/fr\/wp-json\/wp\/v2\/types\/page"}],"author":[{"embeddable":true,"href":"https:\/\/staging.envaflex.eurocastaliahost4.com\/fr\/wp-json\/wp\/v2\/users\/1"}],"replies":[{"embeddable":true,"href":"https:\/\/staging.envaflex.eurocastaliahost4.com\/fr\/wp-json\/wp\/v2\/comments?post=5187"}],"version-history":[{"count":3,"href":"https:\/\/staging.envaflex.eurocastaliahost4.com\/fr\/wp-json\/wp\/v2\/pages\/5187\/revisions"}],"predecessor-version":[{"id":5497,"href":"https:\/\/staging.envaflex.eurocastaliahost4.com\/fr\/wp-json\/wp\/v2\/pages\/5187\/revisions\/5497"}],"wp:attachment":[{"href":"https:\/\/staging.envaflex.eurocastaliahost4.com\/fr\/wp-json\/wp\/v2\/media?parent=5187"}],"curies":[{"name":"wp","href":"https:\/\/api.w.org\/{rel}","templated":true}]}}