{"id":5087,"date":"2022-02-18T11:44:39","date_gmt":"2022-02-18T10:44:39","guid":{"rendered":"https:\/\/staging.envaflex.eurocastaliahost4.com\/contacto\/"},"modified":"2024-04-16T17:19:54","modified_gmt":"2024-04-16T15:19:54","slug":"contact","status":"publish","type":"page","link":"https:\/\/staging.envaflex.eurocastaliahost4.com\/fr\/contact\/","title":{"rendered":"Contact"},"content":{"rendered":"<p><div class=\"fusion-fullwidth fullwidth-box fusion-builder-row-1 fusion-flex-container has-pattern-background has-mask-background fusion-parallax-none ContenedorCabecera nonhundred-percent-fullwidth non-hundred-percent-height-scrolling lazyload\" style=\"--awb-background-position:right center;--awb-border-radius-top-left:0px;--awb-border-radius-top-right:0px;--awb-border-radius-bottom-right:0px;--awb-border-radius-bottom-left:0px;--awb-padding-top:0px;--awb-padding-right:0px;--awb-padding-bottom:0px;--awb-padding-left:0px;--awb-margin-top:0px;--awb-margin-bottom:0px;--awb-background-image:linear-gradient(180deg, rgba(232,116,5,0.71) 0%,rgba(232,116,5,0.71) 100%);;--awb-background-size:cover;--awb-flex-wrap:wrap;\" data-bg=\"https:\/\/staging.envaflex.eurocastaliahost4.com\/wp-content\/uploads\/2023\/08\/contacto.jpg\" data-bg-gradient=\"linear-gradient(180deg, rgba(232,116,5,0.71) 0%,rgba(232,116,5,0.71) 100%)\" ><div class=\"fusion-builder-row fusion-row fusion-flex-align-items-flex-start fusion-flex-content-wrap\" style=\"max-width:1352px;margin-left: calc(-4% \/ 2 );margin-right: calc(-4% \/ 2 );\"><div class=\"fusion-layout-column fusion_builder_column fusion-builder-column-0 fusion_builder_column_1_1 1_1 fusion-flex-column fusion-flex-align-self-center\" style=\"--awb-padding-top:180px;--awb-padding-right:30px;--awb-padding-bottom:180px;--awb-padding-left:30px;--awb-bg-size:cover;--awb-width-large:100%;--awb-margin-top-large:0px;--awb-spacing-right-large:1.92%;--awb-margin-bottom-large:0px;--awb-spacing-left-large:1.92%;--awb-width-medium:100%;--awb-order-medium:0;--awb-spacing-right-medium:1.92%;--awb-spacing-left-medium:1.92%;--awb-width-small:100%;--awb-order-small:0;--awb-spacing-right-small:1.92%;--awb-spacing-left-small:1.92%;\" data-motion-effects=\"[{&quot;type&quot;:&quot;&quot;,&quot;scroll_type&quot;:&quot;transition&quot;,&quot;scroll_direction&quot;:&quot;up&quot;,&quot;transition_speed&quot;:&quot;1&quot;,&quot;fade_type&quot;:&quot;in&quot;,&quot;scale_type&quot;:&quot;up&quot;,&quot;initial_scale&quot;:&quot;1&quot;,&quot;max_scale&quot;:&quot;1.5&quot;,&quot;min_scale&quot;:&quot;0.5&quot;,&quot;initial_rotate&quot;:&quot;0&quot;,&quot;end_rotate&quot;:&quot;30&quot;,&quot;initial_blur&quot;:&quot;0&quot;,&quot;end_blur&quot;:&quot;3&quot;,&quot;start_element&quot;:&quot;top&quot;,&quot;start_viewport&quot;:&quot;bottom&quot;,&quot;end_element&quot;:&quot;bottom&quot;,&quot;end_viewport&quot;:&quot;top&quot;,&quot;mouse_effect&quot;:&quot;track&quot;,&quot;mouse_effect_direction&quot;:&quot;opposite&quot;,&quot;mouse_effect_speed&quot;:&quot;2&quot;,&quot;infinite_animation&quot;:&quot;float&quot;,&quot;infinite_animation_speed&quot;:&quot;2&quot;}]\" data-scroll-devices=\"small-visibility,medium-visibility,large-visibility\"><div class=\"fusion-column-wrapper fusion-column-has-shadow fusion-flex-justify-content-flex-start fusion-content-layout-block\"><div class=\"fusion-title title fusion-title-1 fusion-sep-none fusion-title-text fusion-title-size-two\" style=\"--awb-text-color:#ffffff;--awb-margin-bottom:0px;--awb-font-size:65px;\"><h2 class=\"fusion-title-heading title-heading-left fusion-responsive-typography-calculated\" style=\"margin:0;font-size:1em;--fontSize:65;line-height:1.25;\">Contact<\/h2><\/div><div class=\"fusion-text fusion-text-1\" style=\"--awb-font-size:17px;--awb-line-height:1.8em;--awb-text-color:#ffffff;--awb-text-font-family:&quot;Montserrat&quot;;--awb-text-font-style:normal;--awb-text-font-weight:600;\"><p>Chez Envaflex, nous sommes \u00e0 votre disposition pour vous guider et vous conseiller dans votre recherche de solutions d&#8217;emballages souples adapt\u00e9es \u00e0 vos besoins.<\/p>\n<\/div><\/div><\/div><\/div><\/div><div class=\"fusion-fullwidth fullwidth-box fusion-builder-row-2 fusion-flex-container has-pattern-background has-mask-background nonhundred-percent-fullwidth non-hundred-percent-height-scrolling\" style=\"--awb-border-radius-top-left:0px;--awb-border-radius-top-right:0px;--awb-border-radius-bottom-right:0px;--awb-border-radius-bottom-left:0px;--awb-padding-top:0px;--awb-padding-bottom:0px;--awb-margin-top:0px;--awb-margin-bottom:0px;--awb-flex-wrap:wrap;\" id=\"contenedorContacto\" ><div class=\"fusion-builder-row fusion-row fusion-flex-align-items-flex-start fusion-flex-content-wrap\" style=\"max-width:1352px;margin-left: calc(-4% \/ 2 );margin-right: calc(-4% \/ 2 );\"><div class=\"fusion-layout-column fusion_builder_column fusion-builder-column-1 fusion_builder_column_3_5 3_5 fusion-flex-column colFlex\" style=\"--awb-bg-size:cover;--awb-width-large:60%;--awb-margin-top-large:0px;--awb-spacing-right-large:0px;--awb-margin-bottom-large:0px;--awb-spacing-left-large:0px;--awb-width-medium:100%;--awb-order-medium:0;--awb-spacing-right-medium:1.92%;--awb-spacing-left-medium:1.92%;--awb-width-small:100%;--awb-order-small:0;--awb-spacing-right-small:1.92%;--awb-spacing-left-small:1.92%;\"><div class=\"fusion-column-wrapper fusion-column-has-shadow fusion-flex-justify-content-flex-start fusion-content-layout-block\"><div class=\"fusion-title title fusion-title-2 fusion-sep-none fusion-title-text fusion-title-size-two tituloH2Apartado rojo\" style=\"--awb-text-color:var(--awb-color8);--awb-margin-bottom:20px;--awb-font-size:65px;\"><h2 class=\"fusion-title-heading title-heading-left fusion-responsive-typography-calculated\" style=\"margin:0;font-size:1em;--fontSize:65;line-height:1.25;\">Nous contacter<\/h2><\/div><div class=\"fusion-text fusion-text-2 fusion-text-no-margin textoEditor\" style=\"--awb-margin-top:4%;--awb-margin-bottom:4%;\"><p>Faites confiance \u00e0 notre \u00e9quipe hautement sp\u00e9cialis\u00e9e. Nous nous ferons un plaisir de vous aider et de vous proposer la solution id\u00e9ale pour vos besoins.<\/p>\n<\/div><script charset=\"utf-8\" type=\"text\/javascript\" src=\"\/\/js-eu1.hsforms.net\/forms\/embed\/v2.js\"><\/script>\n<script>\n  hbspt.forms.create({\n    region: \"eu1\",\n    portalId: \"25876270\",\n    formId: \"ca0d8407-9c6a-46b2-bbce-a73091c51ee0\"\n  });\n<\/script><\/div><\/div><div class=\"fusion-layout-column fusion_builder_column fusion-builder-column-2 fusion_builder_column_2_5 2_5 fusion-flex-column colFlex\" style=\"--awb-overflow:hidden;--awb-bg-color:rgba(249,249,249,0);--awb-bg-color-hover:rgba(249,249,249,0);--awb-bg-size:cover;--awb-box-shadow: 0px 0px #000000;;--awb-border-radius:3px 3px 3px 3px;--awb-width-large:40%;--awb-margin-top-large:0px;--awb-spacing-right-large:0px;--awb-margin-bottom-large:0px;--awb-spacing-left-large:0px;--awb-width-medium:100%;--awb-order-medium:0;--awb-spacing-right-medium:1.92%;--awb-spacing-left-medium:1.92%;--awb-width-small:100%;--awb-order-small:0;--awb-spacing-right-small:1.92%;--awb-spacing-left-small:1.92%;\" id=\"contenidoFormularioContacto\"><div class=\"fusion-column-wrapper fusion-column-has-shadow fusion-flex-justify-content-flex-start fusion-content-layout-block\"><div class=\"fusion-builder-row fusion-builder-row-inner fusion-row fusion-flex-align-items-flex-start fusion-flex-content-wrap\" style=\"width:104% !important;max-width:104% !important;margin-left: calc(-4% \/ 2 );margin-right: calc(-4% \/ 2 );\"><div class=\"fusion-layout-column fusion_builder_column_inner fusion-builder-nested-column-0 fusion_builder_column_inner_1_6 1_6 fusion-flex-column colFlex fusion-animated\" style=\"--awb-bg-size:cover;--awb-width-large:16.666666666667%;--awb-margin-top-large:0px;--awb-spacing-right-large:11.52%;--awb-margin-bottom-large:0px;--awb-spacing-left-large:11.52%;--awb-width-medium:100%;--awb-order-medium:0;--awb-spacing-right-medium:1.92%;--awb-spacing-left-medium:1.92%;--awb-width-small:100%;--awb-order-small:0;--awb-spacing-right-small:1.92%;--awb-spacing-left-small:1.92%;\" data-animationType=\"zoomIn\" data-animationDuration=\"0.3\" data-animationOffset=\"top-into-view\"><div class=\"fusion-column-wrapper fusion-column-has-shadow fusion-flex-justify-content-flex-start fusion-content-layout-block\"><a class=\"fb-icon-element-1 fb-icon-element fontawesome-icon fa-map-marked fas circle-yes fusion-text-flow fusion-link\" style=\"--awb-circlecolor:var(--awb-color8);--awb-circlecolor-hover:var(--awb-color8);--awb-circlebordercolor:var(--awb-color8);--awb-circlebordercolor-hover:var(--awb-color8);--awb-circlebordersize:1px;--awb-font-size:28.16px;--awb-width:56.32px;--awb-height:56.32px;--awb-line-height:54.32px;--awb-margin-right:16px;\" href=\"https:\/\/goo.gl\/maps\/7JG8KHfKFYmjHoEq8\" aria-label=\"Link to https:\/\/goo.gl\/maps\/7JG8KHfKFYmjHoEq8\" target=\"_blank\" rel=\"noopener noreferrer\"><\/a><\/div><\/div><div class=\"fusion-layout-column fusion_builder_column_inner fusion-builder-nested-column-1 fusion_builder_column_inner_5_6 5_6 fusion-flex-column colFlex fusion-animated\" style=\"--awb-overflow:hidden;--awb-bg-color:var(--awb-color8);--awb-bg-color-hover:var(--awb-color8);--awb-bg-size:cover;--awb-border-radius:6px 6px 6px 6px;--awb-width-large:83.333333333333%;--awb-margin-top-large:0px;--awb-spacing-right-large:2.304%;--awb-margin-bottom-large:0px;--awb-spacing-left-large:2.304%;--awb-width-medium:100%;--awb-order-medium:0;--awb-spacing-right-medium:1.92%;--awb-spacing-left-medium:1.92%;--awb-width-small:100%;--awb-order-small:0;--awb-spacing-right-small:1.92%;--awb-spacing-left-small:1.92%;\" data-animationType=\"zoomIn\" data-animationDuration=\"0.3\" data-animationOffset=\"top-into-view\"><div class=\"fusion-column-wrapper fusion-column-has-shadow fusion-flex-justify-content-flex-start fusion-content-layout-block\"><div class=\"fusion-text fusion-text-3 textoEditor\" style=\"--awb-content-alignment:center;\"><p><span style=\"color: #ffffff;\"><a style=\"color: #ffffff;\" href=\"https:\/\/www.google.es\/maps\/search\/Polig+Ind+Utebo+I+Utebo+ZARAGOZA\/@40.5527301,-3.2786491,17z\/data=!3m1!4b1?hl=es\" target=\"_blank\" rel=\"noopener\">Polig. Ind. Utebo I, Utebo (ZARAGOZA), ESPA\u00d1A, <\/a><\/span><\/p>\n<\/div><\/div><\/div><div class=\"fusion-layout-column fusion_builder_column_inner fusion-builder-nested-column-2 fusion_builder_column_inner_1_6 1_6 fusion-flex-column colFlex fusion-animated\" style=\"--awb-bg-size:cover;--awb-width-large:16.666666666667%;--awb-margin-top-large:0px;--awb-spacing-right-large:11.52%;--awb-margin-bottom-large:0px;--awb-spacing-left-large:11.52%;--awb-width-medium:100%;--awb-order-medium:0;--awb-spacing-right-medium:1.92%;--awb-spacing-left-medium:1.92%;--awb-width-small:100%;--awb-order-small:0;--awb-spacing-right-small:1.92%;--awb-spacing-left-small:1.92%;\" data-animationType=\"zoomIn\" data-animationDuration=\"0.6\" data-animationOffset=\"top-into-view\"><div class=\"fusion-column-wrapper fusion-column-has-shadow fusion-flex-justify-content-flex-start fusion-content-layout-block\"><a class=\"fb-icon-element-2 fb-icon-element fontawesome-icon fa-envelope fas circle-yes fusion-text-flow fusion-link\" style=\"--awb-circlecolor:var(--awb-color8);--awb-circlecolor-hover:var(--awb-color8);--awb-circlebordercolor:var(--awb-color8);--awb-circlebordercolor-hover:var(--awb-color8);--awb-circlebordersize:1px;--awb-font-size:28.16px;--awb-width:56.32px;--awb-height:56.32px;--awb-line-height:54.32px;--awb-margin-right:16px;\" href=\"mailto:grupo@armandoalvarez.com\" aria-label=\"Link to mailto:grupo@armandoalvarez.com\" target=\"_blank\" rel=\"noopener noreferrer\"><\/a><\/div><\/div><div class=\"fusion-layout-column fusion_builder_column_inner fusion-builder-nested-column-3 fusion_builder_column_inner_5_6 5_6 fusion-flex-column colFlex fusion-animated\" style=\"--awb-overflow:hidden;--awb-bg-color:var(--awb-color8);--awb-bg-color-hover:var(--awb-color8);--awb-bg-size:cover;--awb-border-radius:6px 6px 6px 6px;--awb-width-large:83.333333333333%;--awb-margin-top-large:5px;--awb-spacing-right-large:2.304%;--awb-margin-bottom-large:0px;--awb-spacing-left-large:2.304%;--awb-width-medium:100%;--awb-order-medium:0;--awb-spacing-right-medium:1.92%;--awb-spacing-left-medium:1.92%;--awb-width-small:100%;--awb-order-small:0;--awb-spacing-right-small:1.92%;--awb-spacing-left-small:1.92%;\" data-animationType=\"zoomIn\" data-animationDuration=\"0.6\" data-animationOffset=\"top-into-view\"><div class=\"fusion-column-wrapper fusion-column-has-shadow fusion-flex-justify-content-flex-start fusion-content-layout-block\"><div class=\"fusion-text fusion-text-4 textoEditor\" style=\"--awb-content-alignment:center;\"><p><span style=\"color: #ffffff;\"><a style=\"color: #ffffff;\" href=\"mailto:envaflex@envaflex.es\">envaflex@envaflex.es<\/a><\/span><\/p>\n<\/div><\/div><\/div><div class=\"fusion-layout-column fusion_builder_column_inner fusion-builder-nested-column-4 fusion_builder_column_inner_1_6 1_6 fusion-flex-column colFlex fusion-animated\" style=\"--awb-bg-size:cover;--awb-width-large:16.666666666667%;--awb-margin-top-large:0px;--awb-spacing-right-large:11.52%;--awb-margin-bottom-large:0px;--awb-spacing-left-large:11.52%;--awb-width-medium:100%;--awb-order-medium:0;--awb-spacing-right-medium:1.92%;--awb-spacing-left-medium:1.92%;--awb-width-small:100%;--awb-order-small:0;--awb-spacing-right-small:1.92%;--awb-spacing-left-small:1.92%;\" data-animationType=\"zoomIn\" data-animationDuration=\"0.9\" data-animationOffset=\"top-into-view\"><div class=\"fusion-column-wrapper fusion-column-has-shadow fusion-flex-justify-content-flex-start fusion-content-layout-block\"><a class=\"fb-icon-element-3 fb-icon-element fontawesome-icon fa-phone-alt fas circle-yes fusion-text-flow fusion-link\" style=\"--awb-circlecolor:var(--awb-color8);--awb-circlecolor-hover:var(--awb-color8);--awb-circlebordercolor:var(--awb-color8);--awb-circlebordercolor-hover:var(--awb-color8);--awb-circlebordersize:1px;--awb-font-size:28.16px;--awb-width:56.32px;--awb-height:56.32px;--awb-line-height:54.32px;--awb-margin-right:16px;\" href=\"callto:+34 942 84 61 00\" aria-label=\"Link to \" target=\"_blank\" rel=\"noopener noreferrer\"><\/a><\/div><\/div><div class=\"fusion-layout-column fusion_builder_column_inner fusion-builder-nested-column-5 fusion_builder_column_inner_5_6 5_6 fusion-flex-column colFlex fusion-animated\" style=\"--awb-overflow:hidden;--awb-bg-color:var(--awb-color8);--awb-bg-color-hover:var(--awb-color8);--awb-bg-size:cover;--awb-border-radius:6px 6px 6px 6px;--awb-width-large:83.333333333333%;--awb-margin-top-large:5px;--awb-spacing-right-large:2.304%;--awb-margin-bottom-large:0px;--awb-spacing-left-large:2.304%;--awb-width-medium:100%;--awb-order-medium:0;--awb-spacing-right-medium:1.92%;--awb-spacing-left-medium:1.92%;--awb-width-small:100%;--awb-order-small:0;--awb-spacing-right-small:1.92%;--awb-spacing-left-small:1.92%;\" data-animationType=\"zoomIn\" data-animationDuration=\"0.9\" data-animationOffset=\"top-into-view\"><div class=\"fusion-column-wrapper fusion-column-has-shadow fusion-flex-justify-content-flex-start fusion-content-layout-block\"><div class=\"fusion-text fusion-text-5 textoEditor\" style=\"--awb-content-alignment:center;\"><p><span style=\"color: #ffffff;\"><a style=\"color: #ffffff;\" href=\"tel:+34 976 77 50 99\"><span class=\"NormalTextRun SCXW171780355 BCX0\">+34 976 77 50 99<\/span><\/a><\/span><\/p>\n<\/div><\/div><\/div><\/div><\/div><\/div><\/div><\/div><\/p>\n","protected":false},"excerpt":{"rendered":"","protected":false},"author":1,"featured_media":0,"parent":0,"menu_order":0,"comment_status":"closed","ping_status":"closed","template":"100-width.php","meta":{"content-type":"","footnotes":""},"acf":[],"yoast_head":"<!-- This site is optimized with the Yoast SEO plugin v22.8 - https:\/\/yoast.com\/wordpress\/plugins\/seo\/ -->\n<title>Contact - Envaflex<\/title>\n<meta name=\"description\" content=\"Contacta con nosotros, contamos con un equipo especializado que te acompa\u00f1ar\u00e1 y asesorar\u00e1 en la b\u00fasqueda de la mejor soluci\u00f3n.\" \/>\n<meta name=\"robots\" content=\"noindex, follow, max-snippet:-1, max-image-preview:large, max-video-preview:-1\" \/>\n<meta property=\"og:locale\" content=\"fr_FR\" \/>\n<meta property=\"og:type\" content=\"article\" \/>\n<meta property=\"og:title\" content=\"Contact - Envaflex\" \/>\n<meta property=\"og:description\" content=\"Contacta con nosotros, contamos con un equipo especializado que te acompa\u00f1ar\u00e1 y asesorar\u00e1 en la b\u00fasqueda de la mejor soluci\u00f3n.\" \/>\n<meta property=\"og:url\" content=\"https:\/\/staging.envaflex.eurocastaliahost4.com\/fr\/contact\/\" \/>\n<meta property=\"og:site_name\" content=\"Envaflex\" \/>\n<meta property=\"article:modified_time\" content=\"2024-04-16T15:19:54+00:00\" \/>\n<meta name=\"twitter:card\" content=\"summary_large_image\" \/>\n<meta name=\"twitter:label1\" content=\"Dur\u00e9e de lecture estim\u00e9e\" \/>\n\t<meta name=\"twitter:data1\" content=\"1 minute\" \/>\n<script type=\"application\/ld+json\" class=\"yoast-schema-graph\">{\"@context\":\"https:\/\/schema.org\",\"@graph\":[{\"@type\":\"WebPage\",\"@id\":\"https:\/\/staging.envaflex.eurocastaliahost4.com\/fr\/contact\/\",\"url\":\"https:\/\/staging.envaflex.eurocastaliahost4.com\/fr\/contact\/\",\"name\":\"Contact - Envaflex\",\"isPartOf\":{\"@id\":\"https:\/\/staging.envaflex.eurocastaliahost4.com\/#website\"},\"datePublished\":\"2022-02-18T10:44:39+00:00\",\"dateModified\":\"2024-04-16T15:19:54+00:00\",\"description\":\"Contacta con nosotros, contamos con un equipo especializado que te acompa\u00f1ar\u00e1 y asesorar\u00e1 en la b\u00fasqueda de la mejor soluci\u00f3n.\",\"breadcrumb\":{\"@id\":\"https:\/\/staging.envaflex.eurocastaliahost4.com\/fr\/contact\/#breadcrumb\"},\"inLanguage\":\"fr-FR\",\"potentialAction\":[{\"@type\":\"ReadAction\",\"target\":[\"https:\/\/staging.envaflex.eurocastaliahost4.com\/fr\/contact\/\"]}]},{\"@type\":\"BreadcrumbList\",\"@id\":\"https:\/\/staging.envaflex.eurocastaliahost4.com\/fr\/contact\/#breadcrumb\",\"itemListElement\":[{\"@type\":\"ListItem\",\"position\":1,\"name\":\"Inicio\",\"item\":\"https:\/\/staging.envaflex.eurocastaliahost4.com\/fr\/\"},{\"@type\":\"ListItem\",\"position\":2,\"name\":\"Contact\"}]},{\"@type\":\"WebSite\",\"@id\":\"https:\/\/staging.envaflex.eurocastaliahost4.com\/#website\",\"url\":\"https:\/\/staging.envaflex.eurocastaliahost4.com\/\",\"name\":\"Envaflex\",\"description\":\"Ecodise\u00f1amos envases de soplado\u200b\",\"potentialAction\":[{\"@type\":\"SearchAction\",\"target\":{\"@type\":\"EntryPoint\",\"urlTemplate\":\"https:\/\/staging.envaflex.eurocastaliahost4.com\/?s={search_term_string}\"},\"query-input\":\"required name=search_term_string\"}],\"inLanguage\":\"fr-FR\"}]}<\/script>\n<!-- \/ Yoast SEO plugin. -->","yoast_head_json":{"title":"Contact - Envaflex","description":"Contacta con nosotros, contamos con un equipo especializado que te acompa\u00f1ar\u00e1 y asesorar\u00e1 en la b\u00fasqueda de la mejor soluci\u00f3n.","robots":{"index":"noindex","follow":"follow","max-snippet":"max-snippet:-1","max-image-preview":"max-image-preview:large","max-video-preview":"max-video-preview:-1"},"og_locale":"fr_FR","og_type":"article","og_title":"Contact - Envaflex","og_description":"Contacta con nosotros, contamos con un equipo especializado que te acompa\u00f1ar\u00e1 y asesorar\u00e1 en la b\u00fasqueda de la mejor soluci\u00f3n.","og_url":"https:\/\/staging.envaflex.eurocastaliahost4.com\/fr\/contact\/","og_site_name":"Envaflex","article_modified_time":"2024-04-16T15:19:54+00:00","twitter_card":"summary_large_image","twitter_misc":{"Dur\u00e9e de lecture estim\u00e9e":"1 minute"},"schema":{"@context":"https:\/\/schema.org","@graph":[{"@type":"WebPage","@id":"https:\/\/staging.envaflex.eurocastaliahost4.com\/fr\/contact\/","url":"https:\/\/staging.envaflex.eurocastaliahost4.com\/fr\/contact\/","name":"Contact - Envaflex","isPartOf":{"@id":"https:\/\/staging.envaflex.eurocastaliahost4.com\/#website"},"datePublished":"2022-02-18T10:44:39+00:00","dateModified":"2024-04-16T15:19:54+00:00","description":"Contacta con nosotros, contamos con un equipo especializado que te acompa\u00f1ar\u00e1 y asesorar\u00e1 en la b\u00fasqueda de la mejor soluci\u00f3n.","breadcrumb":{"@id":"https:\/\/staging.envaflex.eurocastaliahost4.com\/fr\/contact\/#breadcrumb"},"inLanguage":"fr-FR","potentialAction":[{"@type":"ReadAction","target":["https:\/\/staging.envaflex.eurocastaliahost4.com\/fr\/contact\/"]}]},{"@type":"BreadcrumbList","@id":"https:\/\/staging.envaflex.eurocastaliahost4.com\/fr\/contact\/#breadcrumb","itemListElement":[{"@type":"ListItem","position":1,"name":"Inicio","item":"https:\/\/staging.envaflex.eurocastaliahost4.com\/fr\/"},{"@type":"ListItem","position":2,"name":"Contact"}]},{"@type":"WebSite","@id":"https:\/\/staging.envaflex.eurocastaliahost4.com\/#website","url":"https:\/\/staging.envaflex.eurocastaliahost4.com\/","name":"Envaflex","description":"Ecodise\u00f1amos envases de soplado\u200b","potentialAction":[{"@type":"SearchAction","target":{"@type":"EntryPoint","urlTemplate":"https:\/\/staging.envaflex.eurocastaliahost4.com\/?s={search_term_string}"},"query-input":"required name=search_term_string"}],"inLanguage":"fr-FR"}]}},"_links":{"self":[{"href":"https:\/\/staging.envaflex.eurocastaliahost4.com\/fr\/wp-json\/wp\/v2\/pages\/5087"}],"collection":[{"href":"https:\/\/staging.envaflex.eurocastaliahost4.com\/fr\/wp-json\/wp\/v2\/pages"}],"about":[{"href":"https:\/\/staging.envaflex.eurocastaliahost4.com\/fr\/wp-json\/wp\/v2\/types\/page"}],"author":[{"embeddable":true,"href":"https:\/\/staging.envaflex.eurocastaliahost4.com\/fr\/wp-json\/wp\/v2\/users\/1"}],"replies":[{"embeddable":true,"href":"https:\/\/staging.envaflex.eurocastaliahost4.com\/fr\/wp-json\/wp\/v2\/comments?post=5087"}],"version-history":[{"count":3,"href":"https:\/\/staging.envaflex.eurocastaliahost4.com\/fr\/wp-json\/wp\/v2\/pages\/5087\/revisions"}],"predecessor-version":[{"id":5495,"href":"https:\/\/staging.envaflex.eurocastaliahost4.com\/fr\/wp-json\/wp\/v2\/pages\/5087\/revisions\/5495"}],"wp:attachment":[{"href":"https:\/\/staging.envaflex.eurocastaliahost4.com\/fr\/wp-json\/wp\/v2\/media?parent=5087"}],"curies":[{"name":"wp","href":"https:\/\/api.w.org\/{rel}","templated":true}]}}